{"id":1563,"date":"2022-07-07T12:58:07","date_gmt":"2022-07-07T10:58:07","guid":{"rendered":"https:\/\/drwalrybnik.pl\/sklep\/?post_type=product&#038;p=1563"},"modified":"2026-04-18T05:44:39","modified_gmt":"2026-04-18T03:44:39","slug":"deska-strugana-grubosc-1-cm","status":"publish","type":"product","link":"https:\/\/drwalrybnik.pl\/sklep\/shop\/deska-strugana-grubosc-1-cm\/","title":{"rendered":"Deska strugana, grubo\u015b\u0107 1 cm"},"content":{"rendered":"<h4><span style=\"color: #ff0000;\">Uwaga: W przypadku produkt\u00f3w o d\u0142ugo\u015bci powy\u017cej <strong>250cm<\/strong> prosimy o kontakt telefoniczny w celu ustalenia ceny wysy\u0142ki.<\/span><\/h4>\n<p><u>Deski czterostronnie strugane:<\/u><\/p>\n<p>Ich zastosowanie ma wyj\u0105tkowo szeroki zakres w zasadzie nieograniczony jedynym ograniczeniem jest nasza fantazja. Pocz\u0105wszy od wyko\u0144czeni\u00f3wki poprzez altany , tarasy a\u017c w ko\u0144cu po meble.<\/p>\n<p><u>\u015awierk europejski:<\/u><\/p>\n<p>G\u0142\u00f3wnie jest to \u015bwierk Polski\u00a0 drewno o przeuroczym us\u0142ojeniu ma odpowiedni\u0105 twardo\u015b\u0107 i trwa\u0142o\u015b\u0107.<\/p>\n<p><u>Klasa AiB<\/u><\/p>\n<p>Deski, kant\u00f3wki, taras\u2026 produkowane g\u0142\u00f3wnie z \u015awierka Polskiego w klasie A i B\u00a0 <a href=\"https:\/\/drwalrybnik.pl\/sklep\/wp-content\/uploads\/2022\/07\/klasyfikacja-A-i-B.pdf\" target=\"_blank\" rel=\"noopener\"><strong><span style=\"color: #339966;\">Klasyfikacja Ai B<\/span><\/strong><\/a><\/p>\n<p>W ofercie posiadamy nast\u0119puj\u0105ce grubo\u015bci\u00a0 desek : 1cm, 2cm,3cm<\/p>\n<p>Oferowane d\u0142ugo\u015bci to 100cm, 150cm,200cm, 250cm i 300cm. inne wymiary prosimy o kontakt:\u00a0 <a href=\"mailto:sklep@drwalrybnik.pl\">sklep@drwalrybnik.pl<\/a><\/p>\n<p>Lub nr Tel 725\u00a0868 856<\/p>\n<p>&nbsp;<\/p>\n<p>W zale\u017cno\u015bci od wymiar\u00f3w i\u00a0 wagi produkt\u00f3w, zam\u00f3wienia realizujemy przy wsp\u00f3\u0142pracy z firm\u0105 <strong>DPD, <\/strong>. Jedynym ograniczeniem jest d\u0142ugo\u015b\u0107 produkt\u00f3w \u2013<br \/>\n<strong>maksymalnie 250 cm w przypadku\u00a0paczek <\/strong>(nie dotyczy zam\u00f3wie\u0144 specjalnych, realizowanych za pomoc\u0105 spedycji).<\/p>\n<p>&nbsp;<\/p>\n<p>Dokonuj\u0105c zakupu poprzez interfejs sklepu internetowego,\u00a0<strong>nasz system sam\u00a0zaproponuje Ci odpowiedni spos\u00f3b realizacji transportu\u00a0Twojego zam\u00f3wienia<\/strong>, mno\u017c\u0105c paczki lub proponuj\u0105c dostaw\u0119 paletow\u0105. Je\u017celi jednak wybrane produkty (lub ich ilo\u015b\u0107) wykraczaj\u0105 poza zdefiniowane zakresy, zawsze masz mo\u017cliwo\u015b\u0107<br \/>\nwyboru \u201e<strong>indywidualnej wyceny przesy\u0142ki<\/strong>\u201d &#8211; w\u00f3wczas nasza firma\u00a0 skontaktuje si\u0119 z Tob\u0105 i zaproponujemy dogodne rozwi\u0105zanie.<\/p>\n<p><strong>Jak zamawia\u0107?<\/strong><\/p>\n<p>Nale\u017cy wybra\u0107 odpowiedni przekr\u00f3j produktu, d\u0142ugo\u015b\u0107, ewentualn\u0105 obr\u00f3bk\u0119 (doci\u0119cie na konkretne, indywidualne d\u0142ugo\u015bci) i poda\u0107\u00a0ilo\u015b\u0107 SZTUK, dodaj\u0105c je do koszyka zam\u00f3wienia.\u00a0<strong>\u00a0<\/strong><\/p>\n<p>Je\u015bli masz jakiekolwiek pytania lub w\u0105tpliwo\u015bci, napisz do nas:\u00a0sklep@drwalrybnik.pl\u00a0lub zadzwo\u0144: +48\u00a0725\u00a0868 856<\/p>\n<p><span style=\"color: #339966;\"><strong>Podane ceny s\u0105 cenami za 1 sztuk\u0119 produktu.<\/strong><strong><br \/>\nDost\u0119pne d\u0142ugo\u015bci handlowe: 100cm, 150cm,200cm, 250cm, 300cm<\/strong><\/span><\/p>\n<p>(przy wi\u0119kszych przekrojach d\u0142ugo\u015bci 300cm i powy\u017cej dost\u0119pne s\u0105 na zam\u00f3wienie)<\/p>\n<p>W zale\u017cno\u015bci od wagi produkt\u00f3w, zam\u00f3wienia realizujemy przy wsp\u00f3\u0142pracy z firm\u0105 DPD.<br \/>\nJedynym ograniczeniem jest d\u0142ugo\u015b\u0107 produkt\u00f3w \u2013 maksymalnie 250 cm w przypadku paczek (nie dotyczy zam\u00f3wie\u0144 specjalnych, realizowanych za pomoc\u0105 spedycji).<\/p>\n<p>&nbsp;<\/p>\n","protected":false},"excerpt":{"rendered":"<p>\u015awierk Polski \/ klasie A i B<\/p>\n","protected":false},"featured_media":2018,"comment_status":"open","ping_status":"closed","template":"","meta":{"ocean_post_layout":"","ocean_both_sidebars_style":"","ocean_both_sidebars_content_width":0,"ocean_both_sidebars_sidebars_width":0,"ocean_sidebar":"0","ocean_second_sidebar":"0","ocean_disable_margins":"enable","ocean_add_body_class":"","ocean_shortcode_before_top_bar":"","ocean_shortcode_after_top_bar":"","ocean_shortcode_before_header":"","ocean_shortcode_after_header":"","ocean_has_shortcode":"","ocean_shortcode_after_title":"","ocean_shortcode_before_footer_widgets":"","ocean_shortcode_after_footer_widgets":"","ocean_shortcode_before_footer_bottom":"","ocean_shortcode_after_footer_bottom":"","ocean_display_top_bar":"default","ocean_display_header":"default","ocean_header_style":"","ocean_center_header_left_menu":"0","ocean_custom_header_template":"0","ocean_custom_logo":0,"ocean_custom_retina_logo":0,"ocean_custom_logo_max_width":0,"ocean_custom_logo_tablet_max_width":0,"ocean_custom_logo_mobile_max_width":0,"ocean_custom_logo_max_height":0,"ocean_custom_logo_tablet_max_height":0,"ocean_custom_logo_mobile_max_height":0,"ocean_header_custom_menu":"0","ocean_menu_typo_font_family":"0","ocean_menu_typo_font_subset":"","ocean_menu_typo_font_size":0,"ocean_menu_typo_font_size_tablet":0,"ocean_menu_typo_font_size_mobile":0,"ocean_menu_typo_font_size_unit":"px","ocean_menu_typo_font_weight":"","ocean_menu_typo_font_weight_tablet":"","ocean_menu_typo_font_weight_mobile":"","ocean_menu_typo_transform":"","ocean_menu_typo_transform_tablet":"","ocean_menu_typo_transform_mobile":"","ocean_menu_typo_line_height":0,"ocean_menu_typo_line_height_tablet":0,"ocean_menu_typo_line_height_mobile":0,"ocean_menu_typo_line_height_unit":"","ocean_menu_typo_spacing":0,"ocean_menu_typo_spacing_tablet":0,"ocean_menu_typo_spacing_mobile":0,"ocean_menu_typo_spacing_unit":"","ocean_menu_link_color":"","ocean_menu_link_color_hover":"","ocean_menu_link_color_active":"","ocean_menu_link_background":"","ocean_menu_link_hover_background":"","ocean_menu_link_active_background":"","ocean_menu_social_links_bg":"","ocean_menu_social_hover_links_bg":"","ocean_menu_social_links_color":"","ocean_menu_social_hover_links_color":"","ocean_disable_title":"default","ocean_disable_heading":"default","ocean_post_title":"","ocean_post_subheading":"","ocean_post_title_style":"","ocean_post_title_background_color":"","ocean_post_title_background":0,"ocean_post_title_bg_image_position":"","ocean_post_title_bg_image_attachment":"","ocean_post_title_bg_image_repeat":"","ocean_post_title_bg_image_size":"","ocean_post_title_height":0,"ocean_post_title_bg_overlay":0.5,"ocean_post_title_bg_overlay_color":"","ocean_disable_breadcrumbs":"default","ocean_breadcrumbs_color":"","ocean_breadcrumbs_separator_color":"","ocean_breadcrumbs_links_color":"","ocean_breadcrumbs_links_hover_color":"","ocean_display_footer_widgets":"default","ocean_display_footer_bottom":"default","ocean_custom_footer_template":"0"},"product_brand":[],"product_cat":[60],"product_tag":[74,73],"class_list":{"0":"post-1563","1":"product","2":"type-product","3":"status-publish","4":"has-post-thumbnail","6":"product_cat-deski","7":"product_tag-deska","8":"product_tag-deska-strugana","9":"product_shipping_class-powyzej_150cm","11":"entry","12":"has-media","14":"first","15":"instock","16":"taxable","17":"shipping-taxable","18":"purchasable","19":"product-type-variable","20":"has-rating","21":"has-product-nav","22":"col","23":"span_1_of_3","24":"owp-content-center","25":"owp-thumbs-layout-horizontal","26":"owp-btn-normal","27":"owp-tabs-layout-horizontal","28":"has-no-thumbnails"},"_links":{"self":[{"href":"https:\/\/drwalrybnik.pl\/sklep\/wp-json\/wp\/v2\/product\/1563","targetHints":{"allow":["GET"]}}],"collection":[{"href":"https:\/\/drwalrybnik.pl\/sklep\/wp-json\/wp\/v2\/product"}],"about":[{"href":"https:\/\/drwalrybnik.pl\/sklep\/wp-json\/wp\/v2\/types\/product"}],"replies":[{"embeddable":true,"href":"https:\/\/drwalrybnik.pl\/sklep\/wp-json\/wp\/v2\/comments?post=1563"}],"wp:featuredmedia":[{"embeddable":true,"href":"https:\/\/drwalrybnik.pl\/sklep\/wp-json\/wp\/v2\/media\/2018"}],"wp:attachment":[{"href":"https:\/\/drwalrybnik.pl\/sklep\/wp-json\/wp\/v2\/media?parent=1563"}],"wp:term":[{"taxonomy":"product_brand","embeddable":true,"href":"https:\/\/drwalrybnik.pl\/sklep\/wp-json\/wp\/v2\/product_brand?post=1563"},{"taxonomy":"product_cat","embeddable":true,"href":"https:\/\/drwalrybnik.pl\/sklep\/wp-json\/wp\/v2\/product_cat?post=1563"},{"taxonomy":"product_tag","embeddable":true,"href":"https:\/\/drwalrybnik.pl\/sklep\/wp-json\/wp\/v2\/product_tag?post=1563"}],"curies":[{"name":"wp","href":"https:\/\/api.w.org\/{rel}","templated":true}]}}