{"id":1898,"date":"2022-07-12T13:33:37","date_gmt":"2022-07-12T11:33:37","guid":{"rendered":"https:\/\/drwalrybnik.pl\/sklep\/?post_type=product&#038;p=1898"},"modified":"2026-05-08T09:48:03","modified_gmt":"2026-05-08T07:48:03","slug":"deska-tarasowa-gladka-300-400-500-cm","status":"publish","type":"product","link":"https:\/\/drwalrybnik.pl\/sklep\/shop\/deska-tarasowa-gladka-300-400-500-cm\/","title":{"rendered":"Deska tarasowa g\u0142adka 130x27mm \/ 100, 150, 200, 250, 300, 400, 500 cm"},"content":{"rendered":"<p><span style=\"color: #ff0000;\">Uwaga: W przypadku produkt\u00f3w o d\u0142ugo\u015bci powy\u017cej <strong>250cm<\/strong> prosimy o kontakt telefoniczny w celu ustalenia ceny wysy\u0142ki.<\/span><\/p>\n<p>&nbsp;<\/p>\n<p><strong>KLASA A\/B: charakterystyka<\/strong><\/p>\n<p><strong><br \/>\n<\/strong>Elementy wykonywane z modrzewia\u00a0 europejskiego produkowane s\u0105 w klasie A\/B.<\/p>\n<p>Deska modrzewiowa charakteryzuje si\u0119 \u015bredni\u0105 ci\u0119\u017cko\u015bci\u0105 i\u00a0<strong>du\u017c\u0105 twardo\u015bci\u0105,<\/strong> bardzo ciekaw\u0105 i wyrazist\u0105 struktur\u0105 drewna. Specyficzne s\u0119ki wyst\u0119puj\u0105ce \u00a0w drewnie modrzewiowym nadaj\u0105 jej niepowtarzalnego wdzi\u0119ku. Jest trudno kurczliwa, odporna na p\u0119kni\u0119cia i wypaczenia. Ponadto drewno modrzewiowe wyr\u00f3\u017cnia si\u0119\u00a0<strong>du\u017c\u0105 odporno\u015bci\u0105<\/strong>\u00a0na kwasy i zasady co jest niezwykle istotnym w naszym zmiennym klimacie.<br \/>\nPrzed zakupem zapoznaj si\u0119 ze specyfikacj\u0105 klasow\u0105, charakterystyka dost\u0119pna po klikni\u0119ciu w link:\u00a0 <span style=\"color: #339966;\"><strong><a style=\"color: #339966;\" href=\"https:\/\/drwalrybnik.pl\/sklep\/wp-content\/uploads\/2022\/07\/klasyfikacja-A-i-B.pdf\" target=\"_blank\" rel=\"noopener\">Klasyfikacja Ai B<\/a><\/strong><\/span><\/p>\n<p><strong>Powierzchnia ca\u0142kowita 130x27mm<\/strong><\/p>\n<p><strong>Podane ceny s\u0105 cenami za 1 sztuk\u0119 produktu.\u00a0<\/strong><\/p>\n<p>&nbsp;<\/p>\n<p>Dost\u0119pne d\u0142ugo\u015bci handlowe wysy\u0142kowo:\u00a0<strong>300cm,400cm,500cm <\/strong><\/p>\n<p>Wszystkie dost\u0119pne d\u0142ugo\u015bci produktu:<strong>\u00a0300cm 400cm, 500cm\u00a0&#8211;\u00a0<\/strong>odbi\u00f3r osobisty lub transport specjalny po wcze\u015bniejszym kontakcie: <a href=\"mailto:sklep@drwalrybnik.pl\">sklep@drwalrybnik.pl<\/a><\/p>\n<p>lub nr Tel 725 868 856<\/p>\n<p>W zale\u017cno\u015bci od wymiar\u00f3w i\u00a0 wagi produkt\u00f3w, zam\u00f3wienia realizujemy przy wsp\u00f3\u0142pracy z firm\u0105 <strong>DPD, <\/strong>. Jedynym ograniczeniem jest d\u0142ugo\u015b\u0107 produkt\u00f3w \u2013<br \/>\n<strong>maksymalnie 250 cm w przypadku\u00a0paczek <\/strong>(nie dotyczy zam\u00f3wie\u0144 specjalnych, realizowanych za pomoc\u0105 spedycji).<\/p>\n<p>&nbsp;<\/p>\n<p>Dokonuj\u0105c zakupu poprzez interfejs sklepu internetowego,\u00a0<strong>nasz system sam\u00a0zaproponuje Ci odpowiedni spos\u00f3b realizacji transportu\u00a0Twojego zam\u00f3wienia<\/strong>, mno\u017c\u0105c paczki lub proponuj\u0105c dostaw\u0119 paletow\u0105. Je\u017celi jednak wybrane produkty (lub ich ilo\u015b\u0107) wykraczaj\u0105 poza zdefiniowane zakresy, zawsze masz mo\u017cliwo\u015b\u0107<br \/>\nwyboru \u201e<strong>indywidualnej wyceny przesy\u0142ki<\/strong>\u201d &#8211; w\u00f3wczas nasza firma\u00a0 skontaktuje si\u0119 z Tob\u0105 i zaproponujemy dogodne rozwi\u0105zanie.<\/p>\n<p><strong>Jak zamawia\u0107?<\/strong><\/p>\n<p>Nale\u017cy wybra\u0107 odpowiedni przekr\u00f3j produktu, d\u0142ugo\u015b\u0107, ewentualn\u0105 obr\u00f3bk\u0119 (doci\u0119cie na konkretne, indywidualne d\u0142ugo\u015bci) i poda\u0107\u00a0ilo\u015b\u0107 SZTUK, dodaj\u0105c je do koszyka zam\u00f3wienia.<\/p>\n<p>Je\u015bli masz jakiekolwiek pytania lub w\u0105tpliwo\u015bci, napisz do nas:\u00a0sklep@drwalrybnik.pl\u00a0lub zadzwo\u0144: +48\u00a0725\u00a0868 856<\/p>\n<p>&nbsp;<\/p>\n<p><span style=\"color: #339966;\"><strong>Podane ceny s\u0105 cenami za 1 sztuk\u0119 produktu.<\/strong><strong><br \/>\nDost\u0119pne d\u0142ugo\u015bci handlowe: 300cm, 400cm, 500cm, <\/strong><\/span><\/p>\n<p>&nbsp;<\/p>\n<p>W zale\u017cno\u015bci od wagi produkt\u00f3w, zam\u00f3wienia realizujemy przy wsp\u00f3\u0142pracy z firm\u0105 DPD.<br \/>\nJedynym ograniczeniem jest d\u0142ugo\u015b\u0107 produkt\u00f3w \u2013 maksymalnie 250cm w przypadku paczek (nie dotyczy zam\u00f3wie\u0144 specjalnych, realizowanych za pomoc\u0105 spedycji).<\/p>\n","protected":false},"excerpt":{"rendered":"<p>Modrzew \/ klasie A i B<\/p>\n","protected":false},"featured_media":2038,"comment_status":"open","ping_status":"closed","template":"","meta":{"ocean_post_layout":"","ocean_both_sidebars_style":"","ocean_both_sidebars_content_width":0,"ocean_both_sidebars_sidebars_width":0,"ocean_sidebar":"0","ocean_second_sidebar":"0","ocean_disable_margins":"enable","ocean_add_body_class":"","ocean_shortcode_before_top_bar":"","ocean_shortcode_after_top_bar":"","ocean_shortcode_before_header":"","ocean_shortcode_after_header":"","ocean_has_shortcode":"","ocean_shortcode_after_title":"","ocean_shortcode_before_footer_widgets":"","ocean_shortcode_after_footer_widgets":"","ocean_shortcode_before_footer_bottom":"","ocean_shortcode_after_footer_bottom":"","ocean_display_top_bar":"default","ocean_display_header":"default","ocean_header_style":"","ocean_center_header_left_menu":"0","ocean_custom_header_template":"0","ocean_custom_logo":0,"ocean_custom_retina_logo":0,"ocean_custom_logo_max_width":0,"ocean_custom_logo_tablet_max_width":0,"ocean_custom_logo_mobile_max_width":0,"ocean_custom_logo_max_height":0,"ocean_custom_logo_tablet_max_height":0,"ocean_custom_logo_mobile_max_height":0,"ocean_header_custom_menu":"0","ocean_menu_typo_font_family":"0","ocean_menu_typo_font_subset":"","ocean_menu_typo_font_size":0,"ocean_menu_typo_font_size_tablet":0,"ocean_menu_typo_font_size_mobile":0,"ocean_menu_typo_font_size_unit":"px","ocean_menu_typo_font_weight":"","ocean_menu_typo_font_weight_tablet":"","ocean_menu_typo_font_weight_mobile":"","ocean_menu_typo_transform":"","ocean_menu_typo_transform_tablet":"","ocean_menu_typo_transform_mobile":"","ocean_menu_typo_line_height":0,"ocean_menu_typo_line_height_tablet":0,"ocean_menu_typo_line_height_mobile":0,"ocean_menu_typo_line_height_unit":"","ocean_menu_typo_spacing":0,"ocean_menu_typo_spacing_tablet":0,"ocean_menu_typo_spacing_mobile":0,"ocean_menu_typo_spacing_unit":"","ocean_menu_link_color":"","ocean_menu_link_color_hover":"","ocean_menu_link_color_active":"","ocean_menu_link_background":"","ocean_menu_link_hover_background":"","ocean_menu_link_active_background":"","ocean_menu_social_links_bg":"","ocean_menu_social_hover_links_bg":"","ocean_menu_social_links_color":"","ocean_menu_social_hover_links_color":"","ocean_disable_title":"default","ocean_disable_heading":"default","ocean_post_title":"","ocean_post_subheading":"","ocean_post_title_style":"","ocean_post_title_background_color":"","ocean_post_title_background":0,"ocean_post_title_bg_image_position":"","ocean_post_title_bg_image_attachment":"","ocean_post_title_bg_image_repeat":"","ocean_post_title_bg_image_size":"","ocean_post_title_height":0,"ocean_post_title_bg_overlay":0.5,"ocean_post_title_bg_overlay_color":"","ocean_disable_breadcrumbs":"default","ocean_breadcrumbs_color":"","ocean_breadcrumbs_separator_color":"","ocean_breadcrumbs_links_color":"","ocean_breadcrumbs_links_hover_color":"","ocean_display_footer_widgets":"default","ocean_display_footer_bottom":"default","ocean_custom_footer_template":"0"},"product_brand":[],"product_cat":[62],"product_tag":[113],"class_list":{"0":"post-1898","1":"product","2":"type-product","3":"status-publish","4":"has-post-thumbnail","6":"product_cat-deska-gladka","7":"product_tag-deska-gladka","9":"entry","10":"has-media","12":"first","13":"instock","14":"taxable","15":"shipping-taxable","16":"purchasable","17":"product-type-variable","18":"has-product-nav","19":"col","20":"span_1_of_3","21":"owp-content-center","22":"owp-thumbs-layout-horizontal","23":"owp-btn-normal","24":"owp-tabs-layout-horizontal","25":"has-no-thumbnails"},"_links":{"self":[{"href":"https:\/\/drwalrybnik.pl\/sklep\/wp-json\/wp\/v2\/product\/1898","targetHints":{"allow":["GET"]}}],"collection":[{"href":"https:\/\/drwalrybnik.pl\/sklep\/wp-json\/wp\/v2\/product"}],"about":[{"href":"https:\/\/drwalrybnik.pl\/sklep\/wp-json\/wp\/v2\/types\/product"}],"replies":[{"embeddable":true,"href":"https:\/\/drwalrybnik.pl\/sklep\/wp-json\/wp\/v2\/comments?post=1898"}],"wp:featuredmedia":[{"embeddable":true,"href":"https:\/\/drwalrybnik.pl\/sklep\/wp-json\/wp\/v2\/media\/2038"}],"wp:attachment":[{"href":"https:\/\/drwalrybnik.pl\/sklep\/wp-json\/wp\/v2\/media?parent=1898"}],"wp:term":[{"taxonomy":"product_brand","embeddable":true,"href":"https:\/\/drwalrybnik.pl\/sklep\/wp-json\/wp\/v2\/product_brand?post=1898"},{"taxonomy":"product_cat","embeddable":true,"href":"https:\/\/drwalrybnik.pl\/sklep\/wp-json\/wp\/v2\/product_cat?post=1898"},{"taxonomy":"product_tag","embeddable":true,"href":"https:\/\/drwalrybnik.pl\/sklep\/wp-json\/wp\/v2\/product_tag?post=1898"}],"curies":[{"name":"wp","href":"https:\/\/api.w.org\/{rel}","templated":true}]}}