{"id":1922,"date":"2022-07-12T14:37:34","date_gmt":"2022-07-12T12:37:34","guid":{"rendered":"https:\/\/drwalrybnik.pl\/sklep\/?post_type=product&#038;p=1922"},"modified":"2026-02-18T12:13:13","modified_gmt":"2026-02-18T11:13:13","slug":"katowniki","status":"publish","type":"product","link":"https:\/\/drwalrybnik.pl\/sklep\/shop\/katowniki\/","title":{"rendered":"K\u0105towniki drewniane"},"content":{"rendered":"<p><strong>Listwa k\u0105towa, k\u0105townik g\u0142adki<\/strong>\u00a0<strong>\u015awierk klasa A\/B<\/strong><\/p>\n<p><strong>KLASA A\/B: charakterystyka<\/strong><\/p>\n<p>Listwy wykonywane\u00a0z\u00a0drewna \u015bwierkowego s\u0119cznego w klasie A\/B.<br \/>\nPrzed zakupem zapoznaj si\u0119 ze specyfikacj\u0105 klasow\u0105, charakterystyka dost\u0119pna po klikni\u0119ciu w link <a href=\"https:\/\/drwalrybnik.pl\/sklep\/wp-content\/uploads\/2022\/07\/klasyfikacja-A-i-B.pdf\" target=\"_blank\" rel=\"noopener\"><strong><span style=\"color: #00ff00;\"><span style=\"color: #339966;\">Klasyfikacja Ai B<\/span><\/span><\/strong><\/a><\/p>\n<p>&nbsp;<\/p>\n<p><strong>Listwy wyko\u0144czeniowe <\/strong>to niezb\u0119dny element wyko\u0144czeniowy przy monta\u017cu boazerii, podbi\u0107 dachowych, desek elewacyjnych i innych inwestycjach nie tylko zwi\u0105zanych z drewnem. Przy tak du\u017cym zastosowaniu potrzebne s\u0105 r\u00f3\u017cne wymiary, dlatego w naszej ofercie posiadamy k\u0105towniki z drewna \u015bwierkowego w klasie A\/B\u00a0<strong>od 2x2cm a\u017c do 5x5cm.<\/strong><\/p>\n<p><strong>Podane ceny s\u0105 cenami za 1 sztuk\u0119 produktu.\u00a0<\/strong><\/p>\n<p>Dost\u0119pne d\u0142ugo\u015bci handlowe:\u00a0<strong>120cm, 250cm.\u00a0<\/strong><\/p>\n<p>Oferowane d\u0142ugo\u015bci to: 0,5m, 1,2m i 2,50m . inne wymiary prosimy o kontakt:\u00a0 <a href=\"mailto:sklep@drwalrybnik.pl\">sklep@drwalrybnik.pl<\/a><\/p>\n<p>Lub nr Tel 725\u00a0868 856<\/p>\n<p>&nbsp;<\/p>\n<p>W zale\u017cno\u015bci od wymiar\u00f3w i\u00a0 wagi produkt\u00f3w, zam\u00f3wienia realizujemy przy wsp\u00f3\u0142pracy z firm\u0105 <strong>DPD, <\/strong>. Jedynym ograniczeniem jest d\u0142ugo\u015b\u0107 produkt\u00f3w \u2013<br \/>\n<strong>maksymalnie 250 cm w przypadku\u00a0paczek <\/strong>\u00a0(nie dotyczy zam\u00f3wie\u0144 specjalnych, realizowanych za pomoc\u0105 spedycji).<\/p>\n<p>&nbsp;<\/p>\n<p>Dokonuj\u0105c zakupu poprzez interfejs sklepu internetowego,\u00a0<strong>nasz system sam\u00a0zaproponuje Ci odpowiedni spos\u00f3b realizacji transportu\u00a0Twojego zam\u00f3wienia<\/strong>, mno\u017c\u0105c paczki lub proponuj\u0105c dostaw\u0119 paletow\u0105. Je\u017celi jednak wybrane produkty (lub ich ilo\u015b\u0107) wykraczaj\u0105 poza zdefiniowane zakresy, zawsze masz mo\u017cliwo\u015b\u0107<br \/>\nwyboru \u201e<strong>indywidualnej wyceny przesy\u0142ki<\/strong>\u201d &#8211; w\u00f3wczas nasza firma\u00a0 skontaktuje si\u0119 z Tob\u0105 i zaproponujemy dogodne rozwi\u0105zanie.<\/p>\n<p><strong>Jak zamawia\u0107?<\/strong><\/p>\n<p>Nale\u017cy wybra\u0107 odpowiedni przekr\u00f3j produktu, d\u0142ugo\u015b\u0107, ewentualn\u0105 obr\u00f3bk\u0119 (doci\u0119cie na konkretne, indywidualne d\u0142ugo\u015bci) i poda\u0107\u00a0ilo\u015b\u0107 SZTUK, dodaj\u0105c je do koszyka zam\u00f3wienia.<\/p>\n<p>&nbsp;<\/p>\n<p>Je\u015bli masz jakiekolwiek pytania lub w\u0105tpliwo\u015bci, napisz do nas:\u00a0sklep@drwalrybnik.pl\u00a0lub zadzwo\u0144: +48\u00a0725\u00a0868 856<\/p>\n<p><span style=\"color: #339966;\"><strong>Podane ceny s\u0105 cenami za 1 sztuk\u0119 produktu.<\/strong><strong><br \/>\nDost\u0119pne d\u0142ugo\u015bci handlowe: 0,5cm, 120cm, 250cm,<\/strong><\/span><\/p>\n<p>(przy wi\u0119kszych przekrojach d\u0142ugo\u015bci 300cm i powy\u017cej dost\u0119pne s\u0105 na zam\u00f3wienie)<\/p>\n<p>W zale\u017cno\u015bci od wagi produkt\u00f3w, zam\u00f3wienia realizujemy przy wsp\u00f3\u0142pracy z firm\u0105 DPD.<br \/>\nJedynym ograniczeniem jest d\u0142ugo\u015b\u0107 produkt\u00f3w \u2013 maksymalnie 250 cm w przypadku paczek (nie dotyczy zam\u00f3wie\u0144 specjalnych, realizowanych za pomoc\u0105 spedycji).<\/p>\n","protected":false},"excerpt":{"rendered":"<p>\u015awierk Polski \/ klasie A i B<\/p>\n","protected":false},"featured_media":2035,"comment_status":"open","ping_status":"closed","template":"","meta":{"ocean_post_layout":"","ocean_both_sidebars_style":"","ocean_both_sidebars_content_width":0,"ocean_both_sidebars_sidebars_width":0,"ocean_sidebar":"0","ocean_second_sidebar":"0","ocean_disable_margins":"enable","ocean_add_body_class":"","ocean_shortcode_before_top_bar":"","ocean_shortcode_after_top_bar":"","ocean_shortcode_before_header":"","ocean_shortcode_after_header":"","ocean_has_shortcode":"","ocean_shortcode_after_title":"","ocean_shortcode_before_footer_widgets":"","ocean_shortcode_after_footer_widgets":"","ocean_shortcode_before_footer_bottom":"","ocean_shortcode_after_footer_bottom":"","ocean_display_top_bar":"default","ocean_display_header":"default","ocean_header_style":"","ocean_center_header_left_menu":"0","ocean_custom_header_template":"0","ocean_custom_logo":0,"ocean_custom_retina_logo":0,"ocean_custom_logo_max_width":0,"ocean_custom_logo_tablet_max_width":0,"ocean_custom_logo_mobile_max_width":0,"ocean_custom_logo_max_height":0,"ocean_custom_logo_tablet_max_height":0,"ocean_custom_logo_mobile_max_height":0,"ocean_header_custom_menu":"0","ocean_menu_typo_font_family":"0","ocean_menu_typo_font_subset":"","ocean_menu_typo_font_size":0,"ocean_menu_typo_font_size_tablet":0,"ocean_menu_typo_font_size_mobile":0,"ocean_menu_typo_font_size_unit":"px","ocean_menu_typo_font_weight":"","ocean_menu_typo_font_weight_tablet":"","ocean_menu_typo_font_weight_mobile":"","ocean_menu_typo_transform":"","ocean_menu_typo_transform_tablet":"","ocean_menu_typo_transform_mobile":"","ocean_menu_typo_line_height":0,"ocean_menu_typo_line_height_tablet":0,"ocean_menu_typo_line_height_mobile":0,"ocean_menu_typo_line_height_unit":"","ocean_menu_typo_spacing":0,"ocean_menu_typo_spacing_tablet":0,"ocean_menu_typo_spacing_mobile":0,"ocean_menu_typo_spacing_unit":"","ocean_menu_link_color":"","ocean_menu_link_color_hover":"","ocean_menu_link_color_active":"","ocean_menu_link_background":"","ocean_menu_link_hover_background":"","ocean_menu_link_active_background":"","ocean_menu_social_links_bg":"","ocean_menu_social_hover_links_bg":"","ocean_menu_social_links_color":"","ocean_menu_social_hover_links_color":"","ocean_disable_title":"default","ocean_disable_heading":"default","ocean_post_title":"","ocean_post_subheading":"","ocean_post_title_style":"","ocean_post_title_background_color":"","ocean_post_title_background":0,"ocean_post_title_bg_image_position":"","ocean_post_title_bg_image_attachment":"","ocean_post_title_bg_image_repeat":"","ocean_post_title_bg_image_size":"","ocean_post_title_height":0,"ocean_post_title_bg_overlay":0.5,"ocean_post_title_bg_overlay_color":"","ocean_disable_breadcrumbs":"default","ocean_breadcrumbs_color":"","ocean_breadcrumbs_separator_color":"","ocean_breadcrumbs_links_color":"","ocean_breadcrumbs_links_hover_color":"","ocean_display_footer_widgets":"default","ocean_display_footer_bottom":"default","ocean_custom_footer_template":"0"},"product_brand":[],"product_cat":[68,67],"product_tag":[74,73],"class_list":{"0":"post-1922","1":"product","2":"type-product","3":"status-publish","4":"has-post-thumbnail","6":"product_cat-katowniki","7":"product_cat-listwy-wykonczeniowe","8":"product_tag-deska","9":"product_tag-deska-strugana","11":"entry","12":"has-media","14":"first","15":"instock","16":"taxable","17":"shipping-taxable","18":"purchasable","19":"product-type-variable","20":"has-default-attributes","21":"has-product-nav","22":"col","23":"span_1_of_3","24":"owp-content-center","25":"owp-thumbs-layout-horizontal","26":"owp-btn-normal","27":"owp-tabs-layout-horizontal","28":"has-no-thumbnails"},"_links":{"self":[{"href":"https:\/\/drwalrybnik.pl\/sklep\/wp-json\/wp\/v2\/product\/1922","targetHints":{"allow":["GET"]}}],"collection":[{"href":"https:\/\/drwalrybnik.pl\/sklep\/wp-json\/wp\/v2\/product"}],"about":[{"href":"https:\/\/drwalrybnik.pl\/sklep\/wp-json\/wp\/v2\/types\/product"}],"replies":[{"embeddable":true,"href":"https:\/\/drwalrybnik.pl\/sklep\/wp-json\/wp\/v2\/comments?post=1922"}],"wp:featuredmedia":[{"embeddable":true,"href":"https:\/\/drwalrybnik.pl\/sklep\/wp-json\/wp\/v2\/media\/2035"}],"wp:attachment":[{"href":"https:\/\/drwalrybnik.pl\/sklep\/wp-json\/wp\/v2\/media?parent=1922"}],"wp:term":[{"taxonomy":"product_brand","embeddable":true,"href":"https:\/\/drwalrybnik.pl\/sklep\/wp-json\/wp\/v2\/product_brand?post=1922"},{"taxonomy":"product_cat","embeddable":true,"href":"https:\/\/drwalrybnik.pl\/sklep\/wp-json\/wp\/v2\/product_cat?post=1922"},{"taxonomy":"product_tag","embeddable":true,"href":"https:\/\/drwalrybnik.pl\/sklep\/wp-json\/wp\/v2\/product_tag?post=1922"}],"curies":[{"name":"wp","href":"https:\/\/api.w.org\/{rel}","templated":true}]}}